{"id":38,"date":"2017-07-25T02:09:13","date_gmt":"2017-07-25T02:09:13","guid":{"rendered":"http:\/\/www.andreseloysotomontenegro.com\/?page_id=38"},"modified":"2018-04-06T22:43:26","modified_gmt":"2018-04-06T22:43:26","slug":"aumendo-de-gluteos","status":"publish","type":"page","link":"https:\/\/www.andreseloysotomontenegro.com\/?page_id=38","title":{"rendered":"AUMENTO DE GLUTEOS"},"content":{"rendered":"<p><img loading=\"lazy\" decoding=\"async\" class=\"size-medium wp-image-1628 alignleft\" src=\"http:\/\/www.andreseloysotomontenegro.com\/wp-content\/uploads\/2018\/04\/gluteos-298x300.png\" alt=\"\" width=\"298\" height=\"300\" srcset=\"https:\/\/www.andreseloysotomontenegro.com\/wp-content\/uploads\/2018\/04\/gluteos-298x300.png 298w, https:\/\/www.andreseloysotomontenegro.com\/wp-content\/uploads\/2018\/04\/gluteos-150x150.png 150w, https:\/\/www.andreseloysotomontenegro.com\/wp-content\/uploads\/2018\/04\/gluteos.png 350w, https:\/\/www.andreseloysotomontenegro.com\/wp-content\/uploads\/2018\/04\/gluteos-100x100.png 100w\" sizes=\"auto, (max-width: 298px) 100vw, 298px\" \/>Una de las operaciones m\u00e1s solicitadas en el campo de la cirug\u00eda pl\u00e1stica. s. es la Cirug\u00eda Pl\u00e1stica de Gl\u00fateos o gluteoplastia. Si bien hay hombres que se someten al procedimiento, estad\u00edsticamente es una intervenci\u00f3n b\u00e1sicamente orientada a las mujeres. Quienes tienen poca grasa en esa parte del cuerpo o tienen un trasero sin forma, tienen hoy una opci\u00f3n a su disposici\u00f3n.<\/p>\n<p>Existen dos formas de realizar la Cirug\u00eda Pl\u00e1stica de Gl\u00fateos: mediante la colocaci\u00f3n de implantes de siliconas en las nalgas, similares a las usadas en aumento de mamas, o logrando el aumento usando injertos de grasa obtenida del propio cuerpo (abdomen. piernas. cintura) la que es introducida por Lipoinyecci\u00f3n en la zona gl\u00fatea (intramuscular). Esto garantiza la viabilidad del injerto de grasa.<\/p>\n<p>La modalidad de Lipoinyecci\u00f3n consiste en un procedimiento que extrae grasa de zonas como el abdomen y la cintura, que en la misma operaci\u00f3n se procesa y luego se inyecta en los gl\u00fateos, mejorando su forma y consistencia y otorgando una figura m\u00e1s armoniosa.<\/p>\n","protected":false},"excerpt":{"rendered":"<p>Una de las operaciones m\u00e1s solicitadas en el campo de la cirug\u00eda pl\u00e1stica. s. es la Cirug\u00eda Pl\u00e1stica de Gl\u00fateos o gluteoplastia. Si bien hay hombres que se someten al procedimiento, estad\u00edsticamente es una intervenci\u00f3n b\u00e1sicamente orientada a las mujeres. Quienes tienen poca grasa en esa parte del cuerpo o tienen un trasero sin forma, [&hellip;]<\/p>\n","protected":false},"author":1,"featured_media":0,"parent":0,"menu_order":0,"comment_status":"closed","ping_status":"closed","template":"","meta":{"footnotes":""},"class_list":["post-38","page","type-page","status-publish","hentry"],"_links":{"self":[{"href":"https:\/\/www.andreseloysotomontenegro.com\/index.php?rest_route=\/wp\/v2\/pages\/38","targetHints":{"allow":["GET"]}}],"collection":[{"href":"https:\/\/www.andreseloysotomontenegro.com\/index.php?rest_route=\/wp\/v2\/pages"}],"about":[{"href":"https:\/\/www.andreseloysotomontenegro.com\/index.php?rest_route=\/wp\/v2\/types\/page"}],"author":[{"embeddable":true,"href":"https:\/\/www.andreseloysotomontenegro.com\/index.php?rest_route=\/wp\/v2\/users\/1"}],"replies":[{"embeddable":true,"href":"https:\/\/www.andreseloysotomontenegro.com\/index.php?rest_route=%2Fwp%2Fv2%2Fcomments&post=38"}],"version-history":[{"count":4,"href":"https:\/\/www.andreseloysotomontenegro.com\/index.php?rest_route=\/wp\/v2\/pages\/38\/revisions"}],"predecessor-version":[{"id":1629,"href":"https:\/\/www.andreseloysotomontenegro.com\/index.php?rest_route=\/wp\/v2\/pages\/38\/revisions\/1629"}],"wp:attachment":[{"href":"https:\/\/www.andreseloysotomontenegro.com\/index.php?rest_route=%2Fwp%2Fv2%2Fmedia&parent=38"}],"curies":[{"name":"wp","href":"https:\/\/api.w.org\/{rel}","templated":true}]}}