{"id":1331,"date":"2017-08-12T18:35:57","date_gmt":"2017-08-12T18:35:57","guid":{"rendered":"http:\/\/www.andreseloysotomontenegro.com\/?page_id=1331"},"modified":"2018-04-06T22:22:47","modified_gmt":"2018-04-06T22:22:47","slug":"ritidectomia-lifting-facial","status":"publish","type":"page","link":"https:\/\/www.andreseloysotomontenegro.com\/?page_id=1331","title":{"rendered":"RITIDECTOMIA LIFTING FACIAL"},"content":{"rendered":"<p><img loading=\"lazy\" decoding=\"async\" class=\"size-medium wp-image-1618 alignleft\" src=\"http:\/\/www.andreseloysotomontenegro.com\/wp-content\/uploads\/2018\/04\/riti-298x300.png\" alt=\"\" width=\"298\" height=\"300\" srcset=\"https:\/\/www.andreseloysotomontenegro.com\/wp-content\/uploads\/2018\/04\/riti-298x300.png 298w, https:\/\/www.andreseloysotomontenegro.com\/wp-content\/uploads\/2018\/04\/riti-150x150.png 150w, https:\/\/www.andreseloysotomontenegro.com\/wp-content\/uploads\/2018\/04\/riti.png 350w, https:\/\/www.andreseloysotomontenegro.com\/wp-content\/uploads\/2018\/04\/riti-100x100.png 100w\" sizes=\"auto, (max-width: 298px) 100vw, 298px\" \/>Lifting facial y cervical: Una t\u00e9cnica de rejuvenecimiento facial y del cuello, con cicatrices m\u00ednimas, que genera unos resultados est\u00e9ticos excelentes y permiten una recuperaci\u00f3n r\u00e1pida de los pacientes. Un estiramiento facial, tambi\u00e9n conocido como rejuvenecimiento facial o ritidectom\u00eda es un procedimiento quir\u00fargico que puede ayudar a reparar algunos de los signos visibles del envejecimiento evidenciado en forma natural por la piel descolgada, ca\u00edda y arrugada de la cara y el cuello.<\/p>\n<p>El resultado de la reparaci\u00f3n del da\u00f1o a la piel, grasa y m\u00fasculos del rostro consiste en devolver al paciente una apariencia m\u00e1s joven. La ritidectom\u00eda puede hacerse sola o junto con una rinoplastia, un estiramiento de la frente o una blefaroplastia atendiendo a las preferencias y necesidades del paciente.<\/p>\n<p>Se trata de un procedimiento en el que se administra al paciente anestesia local 0 anestesia general a consideraci\u00f3n del cirujano pl\u00e1stico, y mientras se encuentra dormido el cirujano pl\u00e1stico hace incisiones por encima de la l\u00ednea de implantaci\u00f3n del cuero cabelludo a la altura de las sienes, por detr\u00e1s del l\u00f3bulo de la oreja hasta la parte inferior del cuero cabelludo. El cirujano retira entonces parte del tejido adiposo y piel \ufb02oja, luego cierra la incisi\u00f3n con puntos de sutura. El tejido adiposo se denomina capa del sistema aponeur\u00f3tico submuscular (SMAS, por sus siglas en ingl\u00e9s) y es la parte principal que se levanta en el estiramiento facial o ritidectom\u00eda.<\/p>\n<p>Pacientes con insatisfacci\u00f3n causada por los efectos del envejecimiento en su rostro que, adem\u00e1s gozan de buena salud son candidatos perfectos para la pr\u00e1ctica de este tipo de cirug\u00eda est\u00e9tica que, en la mayor\u00eda de los casos, da resultados excelentes y de amplia satisfacci\u00f3n para el paciente. La molestia que se presenta con posterioridad a la ritidectom\u00eda es m\u00ednima y de pronto alivio con el uso de analg\u00e9sicos. Las cicatrices son asunto de menor importancia en la ritidectom\u00eda por cuanto \u00e9stas quedan ocultas en la l\u00ednea de implantaci\u00f3n del cabello o las l\u00edneas naturales la cara y se desvanecer\u00e1n con el trascurso del tiempo.<\/p>\n<p>Es recomendable no exponerse al sol por un determinado periodo de tiempo con posterioridad a la cirug\u00eda.<\/p>\n<p><strong>Ritidectom\u00eda Subperi\u00f3stica<\/strong><\/p>\n<p>Se practica en un plano profundo de los tejidos de la cara, inmediato al hueso, de forma que se pueda traccionar de forma conjunta las estructuras, as\u00ed como recolocarlas en el sitio en el que previamente se encontraban. Se combina con cirug\u00eda de p\u00e1rpados.<\/p>\n<p><strong>lncisiones:<\/strong><\/p>\n<p>En muchas ocasiones no es necesario dejar incisiones preauriculares (anteriores inmediatas a la oreja) ya que se puede realizar a trav\u00e9s de una incisi\u00f3n entre el pelo. No obstante, si existe un exceso de piel de la mejilla se compensar\u00e9 con una incisi\u00f3n preauricular (inmediata anterior a la oreja), que es pr\u00e1cticamente invisible.<\/p>\n<p>Cuando se trabaja en conjunto con el cuello se continuar\u00e9 la incisi\u00f3n hacia la parte posterior de la oreja de modo que quedara&#8217; oculta entre el pelo.<\/p>\n<p>&nbsp;<\/p>\n","protected":false},"excerpt":{"rendered":"<p>Lifting facial y cervical: Una t\u00e9cnica de rejuvenecimiento facial y del cuello, con cicatrices m\u00ednimas, que genera unos resultados est\u00e9ticos excelentes y permiten una recuperaci\u00f3n r\u00e1pida de los pacientes. Un estiramiento facial, tambi\u00e9n conocido como rejuvenecimiento facial o ritidectom\u00eda es un procedimiento quir\u00fargico que puede ayudar a reparar algunos de los signos visibles del envejecimiento [&hellip;]<\/p>\n","protected":false},"author":1,"featured_media":0,"parent":0,"menu_order":0,"comment_status":"closed","ping_status":"closed","template":"","meta":{"footnotes":""},"class_list":["post-1331","page","type-page","status-publish","hentry"],"_links":{"self":[{"href":"https:\/\/www.andreseloysotomontenegro.com\/index.php?rest_route=\/wp\/v2\/pages\/1331","targetHints":{"allow":["GET"]}}],"collection":[{"href":"https:\/\/www.andreseloysotomontenegro.com\/index.php?rest_route=\/wp\/v2\/pages"}],"about":[{"href":"https:\/\/www.andreseloysotomontenegro.com\/index.php?rest_route=\/wp\/v2\/types\/page"}],"author":[{"embeddable":true,"href":"https:\/\/www.andreseloysotomontenegro.com\/index.php?rest_route=\/wp\/v2\/users\/1"}],"replies":[{"embeddable":true,"href":"https:\/\/www.andreseloysotomontenegro.com\/index.php?rest_route=%2Fwp%2Fv2%2Fcomments&post=1331"}],"version-history":[{"count":2,"href":"https:\/\/www.andreseloysotomontenegro.com\/index.php?rest_route=\/wp\/v2\/pages\/1331\/revisions"}],"predecessor-version":[{"id":1619,"href":"https:\/\/www.andreseloysotomontenegro.com\/index.php?rest_route=\/wp\/v2\/pages\/1331\/revisions\/1619"}],"wp:attachment":[{"href":"https:\/\/www.andreseloysotomontenegro.com\/index.php?rest_route=%2Fwp%2Fv2%2Fmedia&parent=1331"}],"curies":[{"name":"wp","href":"https:\/\/api.w.org\/{rel}","templated":true}]}}