{"id":1329,"date":"2017-08-12T18:35:07","date_gmt":"2017-08-12T18:35:07","guid":{"rendered":"http:\/\/www.andreseloysotomontenegro.com\/?page_id=1329"},"modified":"2018-04-06T21:15:40","modified_gmt":"2018-04-06T21:15:40","slug":"rinoplastia","status":"publish","type":"page","link":"https:\/\/www.andreseloysotomontenegro.com\/?page_id=1329","title":{"rendered":"RINOPLASTIA"},"content":{"rendered":"<p><img loading=\"lazy\" decoding=\"async\" class=\"size-medium wp-image-1604 alignleft\" src=\"http:\/\/www.andreseloysotomontenegro.com\/wp-content\/uploads\/2018\/04\/rino-298x300.png\" alt=\"\" width=\"298\" height=\"300\" srcset=\"https:\/\/www.andreseloysotomontenegro.com\/wp-content\/uploads\/2018\/04\/rino-298x300.png 298w, https:\/\/www.andreseloysotomontenegro.com\/wp-content\/uploads\/2018\/04\/rino-150x150.png 150w, https:\/\/www.andreseloysotomontenegro.com\/wp-content\/uploads\/2018\/04\/rino.png 350w, https:\/\/www.andreseloysotomontenegro.com\/wp-content\/uploads\/2018\/04\/rino-100x100.png 100w\" sizes=\"auto, (max-width: 298px) 100vw, 298px\" \/>La cirug\u00eda est\u00e9tica de la nariz, tambi\u00e9n conocida como Rinoplastia, est\u00e1 enfocada para mejorar Ia forma, el tama\u00f1o y la apariencia general de la nariz. El objetivo del cirujano es conseguir una nariz de aspecto natural que ofrezca un balance arm\u00f3nico con el resto de las estructuras faciales. Cambios m\u00ednimos en la nariz pueden resultar en cambios significativos de la impresi\u00f3n facial.<\/p>\n<p>Las alteraciones est\u00e9ticas normalmente estriban en alg\u00fan tipo de desproporci\u00f3n: por exceso, defecto, asimetr\u00eda o desviaci\u00f3n.<\/p>\n<p>Todo paciente que va ser sometido a una rinoplastia est\u00e9tica debe ser evaluado previamente para descartar cualquier alteraci\u00f3n en la funci\u00f3n de la nariz, que tambi\u00e9n deba ser corregida.<\/p>\n<p><strong>Existen dos t\u00e9cnicas b\u00e1sicas de rinoplastia seg\u00fan la localizaci\u00f3n de las incisiones:<\/strong><\/p>\n<ul>\n<li><em>Rinoplastia cerrada: se realizan incisiones internas y por tanto no deja cicatrices visibles.<\/em><\/li>\n<li><em>Rinoplastia abierta: se hace una peque\u00f1a incisi\u00f3n externa localizada en la columela nasal y se realizan incisiones adicionales en el interior de la nariz.<\/em><\/li>\n<\/ul>\n<p>El criterio para decidir si la rinoplastia ser\u00e1 abierta o cerrada depender\u00e1 principalmente del cirujano quien discutir\u00e1 Ias opciones con cada paciente. La cirug\u00eda puede realizarse con anestesia local y sedaci\u00f3n o preferiblemente anestesia general. Es una cirug\u00eda de tipo ambulatorio y tiene una duraci\u00f3n de aproximadamente dos a tres horas, dependiendo de cada paciente.<\/p>\n<p>Durante el procedimiento el cirujano cuenta con diferentes t\u00e9cnicas quir\u00fargicas para remodelar y mejorar las molestias que aquejan a cada paciente. El paciente sale de la cirug\u00eda con una f\u00e9rula que puede ser de adhesivo, yeso o material acr\u00edlico que debe mantenerse por lo menos por 7 d\u00edas, dependiendo del caso.<\/p>\n<p>Durante el post-operatorio puede haber dolor sobre todo si es necesario realizar osteotom\u00edas (fracturas) para las correcciones y edema pero que mejoran con el uso de antiin\ufb02amatorios y frio local. De igual forma puede haber sangramiento en Ias primeras 24 a 48 horas. Aunque los cambios pueden notarse poco despu\u00e9s de la cirug\u00eda, es necesario esperar por lo menos de 3 a 6 meses para ver una forma que se pueda parecer a la definitiva y pueden esperarse cambios incluso hasta despu\u00e9s del a\u00f1o de la cirug\u00eda.<\/p>\n<p>Se debe evitar exposiciones prolongadas al sol durante los primeros tres meses posteriores a la cirug\u00eda y se recomienda el uso de protector solar permanentemente.<\/p>\n","protected":false},"excerpt":{"rendered":"<p>La cirug\u00eda est\u00e9tica de la nariz, tambi\u00e9n conocida como Rinoplastia, est\u00e1 enfocada para mejorar Ia forma, el tama\u00f1o y la apariencia general de la nariz. El objetivo del cirujano es conseguir una nariz de aspecto natural que ofrezca un balance arm\u00f3nico con el resto de las estructuras faciales. Cambios m\u00ednimos en la nariz pueden resultar [&hellip;]<\/p>\n","protected":false},"author":1,"featured_media":0,"parent":0,"menu_order":0,"comment_status":"closed","ping_status":"closed","template":"","meta":{"footnotes":""},"class_list":["post-1329","page","type-page","status-publish","hentry"],"_links":{"self":[{"href":"https:\/\/www.andreseloysotomontenegro.com\/index.php?rest_route=\/wp\/v2\/pages\/1329","targetHints":{"allow":["GET"]}}],"collection":[{"href":"https:\/\/www.andreseloysotomontenegro.com\/index.php?rest_route=\/wp\/v2\/pages"}],"about":[{"href":"https:\/\/www.andreseloysotomontenegro.com\/index.php?rest_route=\/wp\/v2\/types\/page"}],"author":[{"embeddable":true,"href":"https:\/\/www.andreseloysotomontenegro.com\/index.php?rest_route=\/wp\/v2\/users\/1"}],"replies":[{"embeddable":true,"href":"https:\/\/www.andreseloysotomontenegro.com\/index.php?rest_route=%2Fwp%2Fv2%2Fcomments&post=1329"}],"version-history":[{"count":2,"href":"https:\/\/www.andreseloysotomontenegro.com\/index.php?rest_route=\/wp\/v2\/pages\/1329\/revisions"}],"predecessor-version":[{"id":1605,"href":"https:\/\/www.andreseloysotomontenegro.com\/index.php?rest_route=\/wp\/v2\/pages\/1329\/revisions\/1605"}],"wp:attachment":[{"href":"https:\/\/www.andreseloysotomontenegro.com\/index.php?rest_route=%2Fwp%2Fv2%2Fmedia&parent=1329"}],"curies":[{"name":"wp","href":"https:\/\/api.w.org\/{rel}","templated":true}]}}