{"id":1327,"date":"2017-08-12T18:33:23","date_gmt":"2017-08-12T18:33:23","guid":{"rendered":"http:\/\/www.andreseloysotomontenegro.com\/?page_id=1327"},"modified":"2018-04-08T18:35:05","modified_gmt":"2018-04-08T18:35:05","slug":"reduccion-mamaria","status":"publish","type":"page","link":"https:\/\/www.andreseloysotomontenegro.com\/?page_id=1327","title":{"rendered":"REDUCCION MAMARIA"},"content":{"rendered":"<p><img loading=\"lazy\" decoding=\"async\" class=\"size-medium wp-image-1677 alignleft\" src=\"http:\/\/www.andreseloysotomontenegro.com\/wp-content\/uploads\/2018\/04\/reducc-298x300.png\" alt=\"\" width=\"298\" height=\"300\" srcset=\"https:\/\/www.andreseloysotomontenegro.com\/wp-content\/uploads\/2018\/04\/reducc-298x300.png 298w, https:\/\/www.andreseloysotomontenegro.com\/wp-content\/uploads\/2018\/04\/reducc-150x150.png 150w, https:\/\/www.andreseloysotomontenegro.com\/wp-content\/uploads\/2018\/04\/reducc.png 350w, https:\/\/www.andreseloysotomontenegro.com\/wp-content\/uploads\/2018\/04\/reducc-100x100.png 100w\" sizes=\"auto, (max-width: 298px) 100vw, 298px\" \/>Las mujeres que poseen unas mamas grandes pueden experimentar una serie de problemas derivados del peso y tama\u00f1o de las mamas, como dolor de espalda, cuello y hombros, e irritaci\u00f3n cut\u00e1nea. La reducci\u00f3n mamaria o Mamoplastia de Reducci\u00f3n se realiza habitualmente para mejorar estos s\u00edntomas m\u00e1s que para mejorar el aspecto de las mamas.<\/p>\n<p>La reducci\u00f3n de mamas, t\u00e9cnicamente denominada Mamoplastia de Reducci\u00f3n es el procedimiento quir\u00fargico encaminado a reducir gl\u00e1ndula, tejido graso y la piel que la envuelve, conformando unas mamas m\u00e1s peque\u00f1as, m\u00e1s altas, m\u00e1s tensas y m\u00e1s armonizadas.<\/p>\n<p><strong>Candidatos<\/strong><\/p>\n<p>La reducci\u00f3n de mama es m\u00e1s una demanda funcional que cosm\u00e9tica. La mayor\u00eda de las pacientes se intervienen porque el gran volumen mamario les restringe sus actividades normales. La mejor candidata es aquella paciente que comprenda el procedimiento, sana y que sea realista con las expectativas.<\/p>\n<p><strong>La Cirug\u00eda<\/strong><\/p>\n<p>Las t\u00e9cnicas son muy variadas, si bien todas ellas buscan una posici\u00f3n de la areola m\u00e1s alta, un estrechamiento de la base y sobre todo que la forma sea natural. La cirug\u00eda consiste en la extirpaci\u00f3n de piel, de gl\u00e1ndula y grasa, movilizando la areola mamaria a su nueva posici\u00f3n. El final de la intervenci\u00f3n es muy com\u00fan realizar una liposucci\u00f3n en la zona axilar, a fin de reducir los c\u00famulos grasos que con\ufb01eren un aspecto de mama de base amplia. La cicatriz en esta cirug\u00eda es un poco m\u00e1s grande quedando como resultado la llamada ancla, que con cuidados especiales puede ser poco visible.<\/p>\n","protected":false},"excerpt":{"rendered":"<p>Las mujeres que poseen unas mamas grandes pueden experimentar una serie de problemas derivados del peso y tama\u00f1o de las mamas, como dolor de espalda, cuello y hombros, e irritaci\u00f3n cut\u00e1nea. La reducci\u00f3n mamaria o Mamoplastia de Reducci\u00f3n se realiza habitualmente para mejorar estos s\u00edntomas m\u00e1s que para mejorar el aspecto de las mamas. La [&hellip;]<\/p>\n","protected":false},"author":1,"featured_media":0,"parent":0,"menu_order":0,"comment_status":"closed","ping_status":"closed","template":"","meta":{"footnotes":""},"class_list":["post-1327","page","type-page","status-publish","hentry"],"_links":{"self":[{"href":"https:\/\/www.andreseloysotomontenegro.com\/index.php?rest_route=\/wp\/v2\/pages\/1327","targetHints":{"allow":["GET"]}}],"collection":[{"href":"https:\/\/www.andreseloysotomontenegro.com\/index.php?rest_route=\/wp\/v2\/pages"}],"about":[{"href":"https:\/\/www.andreseloysotomontenegro.com\/index.php?rest_route=\/wp\/v2\/types\/page"}],"author":[{"embeddable":true,"href":"https:\/\/www.andreseloysotomontenegro.com\/index.php?rest_route=\/wp\/v2\/users\/1"}],"replies":[{"embeddable":true,"href":"https:\/\/www.andreseloysotomontenegro.com\/index.php?rest_route=%2Fwp%2Fv2%2Fcomments&post=1327"}],"version-history":[{"count":2,"href":"https:\/\/www.andreseloysotomontenegro.com\/index.php?rest_route=\/wp\/v2\/pages\/1327\/revisions"}],"predecessor-version":[{"id":1678,"href":"https:\/\/www.andreseloysotomontenegro.com\/index.php?rest_route=\/wp\/v2\/pages\/1327\/revisions\/1678"}],"wp:attachment":[{"href":"https:\/\/www.andreseloysotomontenegro.com\/index.php?rest_route=%2Fwp%2Fv2%2Fmedia&parent=1327"}],"curies":[{"name":"wp","href":"https:\/\/api.w.org\/{rel}","templated":true}]}}