{"id":1325,"date":"2017-08-12T18:29:57","date_gmt":"2017-08-12T18:29:57","guid":{"rendered":"http:\/\/www.andreseloysotomontenegro.com\/?page_id=1325"},"modified":"2018-04-06T22:16:05","modified_gmt":"2018-04-06T22:16:05","slug":"pexia-de-cejas","status":"publish","type":"page","link":"https:\/\/www.andreseloysotomontenegro.com\/?page_id=1325","title":{"rendered":"PEXIA DE CEJAS"},"content":{"rendered":"<p><img loading=\"lazy\" decoding=\"async\" class=\"size-medium wp-image-1616 alignleft\" src=\"http:\/\/www.andreseloysotomontenegro.com\/wp-content\/uploads\/2018\/04\/pexia-298x300.png\" alt=\"\" width=\"298\" height=\"300\" srcset=\"https:\/\/www.andreseloysotomontenegro.com\/wp-content\/uploads\/2018\/04\/pexia-298x300.png 298w, https:\/\/www.andreseloysotomontenegro.com\/wp-content\/uploads\/2018\/04\/pexia-150x150.png 150w, https:\/\/www.andreseloysotomontenegro.com\/wp-content\/uploads\/2018\/04\/pexia.png 350w, https:\/\/www.andreseloysotomontenegro.com\/wp-content\/uploads\/2018\/04\/pexia-100x100.png 100w\" sizes=\"auto, (max-width: 298px) 100vw, 298px\" \/>Pexia de Cejas es un procedimiento que tiene como objetivo, la elevaci\u00f3n de las cejas, en otras palabras, es la Cirug\u00eda Est\u00e9tica a trav\u00e9s de la cual se coloca la ceja en su posici\u00f3n normal.<\/p>\n<p>Muchas personas dicen que \u201cel tiempo no perdona\u201d Con el paso del tiempo la Cejas, especialmente en el extremo externo, tienden a descender por el efecto de la gravedad y por la acci\u00f3n muscular, dando a la mirada opacada con expresi\u00f3n de tristeza o cansancio.<\/p>\n<p>El procedimiento Pexia de Cejas es r\u00e1pido, en el cual normalmente se requiere de Anestesia local y de pocos d\u00edas para una total recuperaci\u00f3n.<\/p>\n<p>Este tipo de cirug\u00eda est\u00e9tica se caracteriza, por no dejar cicatrices con la facultad, de recuperar la armon\u00eda natural de la cejas, llev\u00e1ndolas nuevamente a su posici\u00f3n correcta o ideal. La Pexia de Cejas se puede combinar con otras cirug\u00edas pl\u00e1sticas como la Blefaroplastia.<\/p>\n","protected":false},"excerpt":{"rendered":"<p>Pexia de Cejas es un procedimiento que tiene como objetivo, la elevaci\u00f3n de las cejas, en otras palabras, es la Cirug\u00eda Est\u00e9tica a trav\u00e9s de la cual se coloca la ceja en su posici\u00f3n normal. Muchas personas dicen que \u201cel tiempo no perdona\u201d Con el paso del tiempo la Cejas, especialmente en el extremo externo, [&hellip;]<\/p>\n","protected":false},"author":1,"featured_media":0,"parent":0,"menu_order":0,"comment_status":"closed","ping_status":"closed","template":"","meta":{"footnotes":""},"class_list":["post-1325","page","type-page","status-publish","hentry"],"_links":{"self":[{"href":"https:\/\/www.andreseloysotomontenegro.com\/index.php?rest_route=\/wp\/v2\/pages\/1325","targetHints":{"allow":["GET"]}}],"collection":[{"href":"https:\/\/www.andreseloysotomontenegro.com\/index.php?rest_route=\/wp\/v2\/pages"}],"about":[{"href":"https:\/\/www.andreseloysotomontenegro.com\/index.php?rest_route=\/wp\/v2\/types\/page"}],"author":[{"embeddable":true,"href":"https:\/\/www.andreseloysotomontenegro.com\/index.php?rest_route=\/wp\/v2\/users\/1"}],"replies":[{"embeddable":true,"href":"https:\/\/www.andreseloysotomontenegro.com\/index.php?rest_route=%2Fwp%2Fv2%2Fcomments&post=1325"}],"version-history":[{"count":2,"href":"https:\/\/www.andreseloysotomontenegro.com\/index.php?rest_route=\/wp\/v2\/pages\/1325\/revisions"}],"predecessor-version":[{"id":1617,"href":"https:\/\/www.andreseloysotomontenegro.com\/index.php?rest_route=\/wp\/v2\/pages\/1325\/revisions\/1617"}],"wp:attachment":[{"href":"https:\/\/www.andreseloysotomontenegro.com\/index.php?rest_route=%2Fwp%2Fv2%2Fmedia&parent=1325"}],"curies":[{"name":"wp","href":"https:\/\/api.w.org\/{rel}","templated":true}]}}