{"id":1321,"date":"2017-08-12T18:28:56","date_gmt":"2017-08-12T18:28:56","guid":{"rendered":"http:\/\/www.andreseloysotomontenegro.com\/?page_id=1321"},"modified":"2018-04-06T22:34:51","modified_gmt":"2018-04-06T22:34:51","slug":"mentoplastia","status":"publish","type":"page","link":"https:\/\/www.andreseloysotomontenegro.com\/?page_id=1321","title":{"rendered":"MENTOPLASTIA"},"content":{"rendered":"<p><img loading=\"lazy\" decoding=\"async\" class=\"size-medium wp-image-1624 alignleft\" src=\"http:\/\/www.andreseloysotomontenegro.com\/wp-content\/uploads\/2018\/04\/menton-298x300.png\" alt=\"\" width=\"298\" height=\"300\" srcset=\"https:\/\/www.andreseloysotomontenegro.com\/wp-content\/uploads\/2018\/04\/menton-298x300.png 298w, https:\/\/www.andreseloysotomontenegro.com\/wp-content\/uploads\/2018\/04\/menton-150x150.png 150w, https:\/\/www.andreseloysotomontenegro.com\/wp-content\/uploads\/2018\/04\/menton.png 350w, https:\/\/www.andreseloysotomontenegro.com\/wp-content\/uploads\/2018\/04\/menton-100x100.png 100w\" sizes=\"auto, (max-width: 298px) 100vw, 298px\" \/>El ment\u00f3n es un elemento importante en el balance de la cara, debe analizarse en relaci\u00f3n con la nariz, los labios y el cuello, es un factor determinante para un perfil equilibrado.<\/p>\n<p>La cirug\u00eda del ment\u00f3n puede ser para corregir un ment\u00f3n sobresaliente o retra\u00eddo.<\/p>\n<p>El ment\u00f3n sobresaliente puede estar asociado a alteraciones de la dentadura y debe ser evaluado en conjunto con odont\u00f3logos, su correcci\u00f3n puede requerir tratamientos de ortodoncia y de cirug\u00eda ortogn\u00e1tica para llevar la mand\u00edbula a su posici\u00f3n adecuada.<\/p>\n<p>El ment\u00f3n retra\u00eddo es un motivo de consulta m\u00e1s frecuente.<\/p>\n<p><strong>Para su correcci\u00f3n existen diversas opciones quir\u00fargicas:<\/strong><\/p>\n<p><strong>Genioplastias de avance.<\/strong><\/p>\n<p>Consiste en fracturas en direcci\u00f3n horizontal o vertical de la mand\u00edbula para llevarla hacia adelante, puede realizarse con anestesia local y sedaci\u00f3n, amerita de alambres o tomillos y placas para \ufb01jar nuevamente la mand\u00edbula.<\/p>\n<p>La cirug\u00eda puede durar dos horas aproximadamente. La incisi\u00f3n se hace por dentro de la boca y es una cirug\u00eda ambulatoria.<\/p>\n<p><strong>Pr\u00f3tesis de Ment\u00f3n.<\/strong><\/p>\n<p>Implantes de silic\u00f3n de diferentes tama\u00f1os dependiendo de cada paciente. La colocaci\u00f3n del implante se realiza con anestesia local y sedaci\u00f3n, el procedimiento dura aproximadamente una hora y el implante se coloca a trav\u00e9s de una incisi\u00f3n dentro de la boca. No amerita de hospitalizaci\u00f3n.<\/p>\n<p>&nbsp;<\/p>\n","protected":false},"excerpt":{"rendered":"<p>El ment\u00f3n es un elemento importante en el balance de la cara, debe analizarse en relaci\u00f3n con la nariz, los labios y el cuello, es un factor determinante para un perfil equilibrado. La cirug\u00eda del ment\u00f3n puede ser para corregir un ment\u00f3n sobresaliente o retra\u00eddo. El ment\u00f3n sobresaliente puede estar asociado a alteraciones de la [&hellip;]<\/p>\n","protected":false},"author":1,"featured_media":0,"parent":0,"menu_order":0,"comment_status":"closed","ping_status":"closed","template":"","meta":{"footnotes":""},"class_list":["post-1321","page","type-page","status-publish","hentry"],"_links":{"self":[{"href":"https:\/\/www.andreseloysotomontenegro.com\/index.php?rest_route=\/wp\/v2\/pages\/1321","targetHints":{"allow":["GET"]}}],"collection":[{"href":"https:\/\/www.andreseloysotomontenegro.com\/index.php?rest_route=\/wp\/v2\/pages"}],"about":[{"href":"https:\/\/www.andreseloysotomontenegro.com\/index.php?rest_route=\/wp\/v2\/types\/page"}],"author":[{"embeddable":true,"href":"https:\/\/www.andreseloysotomontenegro.com\/index.php?rest_route=\/wp\/v2\/users\/1"}],"replies":[{"embeddable":true,"href":"https:\/\/www.andreseloysotomontenegro.com\/index.php?rest_route=%2Fwp%2Fv2%2Fcomments&post=1321"}],"version-history":[{"count":2,"href":"https:\/\/www.andreseloysotomontenegro.com\/index.php?rest_route=\/wp\/v2\/pages\/1321\/revisions"}],"predecessor-version":[{"id":1625,"href":"https:\/\/www.andreseloysotomontenegro.com\/index.php?rest_route=\/wp\/v2\/pages\/1321\/revisions\/1625"}],"wp:attachment":[{"href":"https:\/\/www.andreseloysotomontenegro.com\/index.php?rest_route=%2Fwp%2Fv2%2Fmedia&parent=1321"}],"curies":[{"name":"wp","href":"https:\/\/api.w.org\/{rel}","templated":true}]}}