{"id":1319,"date":"2017-08-12T18:26:28","date_gmt":"2017-08-12T18:26:28","guid":{"rendered":"http:\/\/www.andreseloysotomontenegro.com\/?page_id=1319"},"modified":"2018-04-08T18:32:00","modified_gmt":"2018-04-08T18:32:00","slug":"mastopexia","status":"publish","type":"page","link":"https:\/\/www.andreseloysotomontenegro.com\/?page_id=1319","title":{"rendered":"MASTOPEXIA"},"content":{"rendered":"<p><img loading=\"lazy\" decoding=\"async\" class=\"size-medium wp-image-1675 alignleft\" src=\"http:\/\/www.andreseloysotomontenegro.com\/wp-content\/uploads\/2018\/04\/masto-298x300.png\" alt=\"\" width=\"298\" height=\"300\" srcset=\"https:\/\/www.andreseloysotomontenegro.com\/wp-content\/uploads\/2018\/04\/masto-298x300.png 298w, https:\/\/www.andreseloysotomontenegro.com\/wp-content\/uploads\/2018\/04\/masto-150x150.png 150w, https:\/\/www.andreseloysotomontenegro.com\/wp-content\/uploads\/2018\/04\/masto.png 350w, https:\/\/www.andreseloysotomontenegro.com\/wp-content\/uploads\/2018\/04\/masto-100x100.png 100w\" sizes=\"auto, (max-width: 298px) 100vw, 298px\" \/>Las mamas representan una parte muy importante del cuerpo de la mujer. Siempre han sido consideradas como una zona impregnada de sensualidad y est\u00e1n inevitablemente asociadas a la belleza femenina. No existe un tama\u00f1o ideal de mamas y los c\u00e1nones de belleza var\u00edan mucho de una persona a otra y de un pa\u00eds a otro.<\/p>\n<p>En todo caso lo m\u00e1s importante es que la mujer se sienta a gusto con sus senos y si ese no es el caso existe una soluci\u00f3n quir\u00fargica. La Mastopexia (levantamiento de senos) es una intervenci\u00f3n quir\u00fargica que tiene como finalidad corregir las pr\u00f3tesis mamarias, es decir subir y moldear la mama. Se basa en la realizaci\u00f3n de una serie de incisiones quir\u00fargicas que permitir\u00e1n corregir el exceso de \ufb02acidez del seno, levant\u00e1ndolo y corrigiendo su volumen y aspecto est\u00e9tico.<\/p>\n<p>&nbsp;<\/p>\n<p><strong>TIPOS DE PROTESIS O CA\u00cdDA<\/strong><\/p>\n<p>La pr\u00f3tesis o ca\u00edda mamaria se puede clasi\ufb01car en:<\/p>\n<p><em>&#8211; Leve: cuando el pez\u00f3n se encuentra a nivel del pliegue mamario<\/em><\/p>\n<p><em>&#8211; Moderada: cuando el pez\u00f3n sobrepasa el pliegue mamario (1 a 2 cm por debajo)<\/em><\/p>\n<p><em>&#8211; Severa: cuando el pez\u00f3n se encuentra muy por debajo del pliegue mamario (m\u00e1s de 2 cm por debajo)<\/em><\/p>\n<p>(Existen otras clasificaciones y categor\u00edas pero la intenci\u00f3n es ofrecer un material did\u00e1ctico y f\u00e1cilmente comprensible).<\/p>\n<p>Todas las t\u00e9cnicas han demostrado su eficacia y sus beneficios cuando son seleccionadas bajo estrictos criterios cient\u00edficos y realizadas por personal calificado. Es preferible ganar una cicatriz y obtener una forma duradera y hermosa que abonar cicatrices y obtener resultados insatisfactorios que al final llevaran a la paciente a someterse a una nueva cirug\u00eda para solventar la ca\u00edda resultante.<\/p>\n","protected":false},"excerpt":{"rendered":"<p>Las mamas representan una parte muy importante del cuerpo de la mujer. Siempre han sido consideradas como una zona impregnada de sensualidad y est\u00e1n inevitablemente asociadas a la belleza femenina. No existe un tama\u00f1o ideal de mamas y los c\u00e1nones de belleza var\u00edan mucho de una persona a otra y de un pa\u00eds a otro. [&hellip;]<\/p>\n","protected":false},"author":1,"featured_media":0,"parent":0,"menu_order":0,"comment_status":"closed","ping_status":"closed","template":"","meta":{"footnotes":""},"class_list":["post-1319","page","type-page","status-publish","hentry"],"_links":{"self":[{"href":"https:\/\/www.andreseloysotomontenegro.com\/index.php?rest_route=\/wp\/v2\/pages\/1319","targetHints":{"allow":["GET"]}}],"collection":[{"href":"https:\/\/www.andreseloysotomontenegro.com\/index.php?rest_route=\/wp\/v2\/pages"}],"about":[{"href":"https:\/\/www.andreseloysotomontenegro.com\/index.php?rest_route=\/wp\/v2\/types\/page"}],"author":[{"embeddable":true,"href":"https:\/\/www.andreseloysotomontenegro.com\/index.php?rest_route=\/wp\/v2\/users\/1"}],"replies":[{"embeddable":true,"href":"https:\/\/www.andreseloysotomontenegro.com\/index.php?rest_route=%2Fwp%2Fv2%2Fcomments&post=1319"}],"version-history":[{"count":2,"href":"https:\/\/www.andreseloysotomontenegro.com\/index.php?rest_route=\/wp\/v2\/pages\/1319\/revisions"}],"predecessor-version":[{"id":1676,"href":"https:\/\/www.andreseloysotomontenegro.com\/index.php?rest_route=\/wp\/v2\/pages\/1319\/revisions\/1676"}],"wp:attachment":[{"href":"https:\/\/www.andreseloysotomontenegro.com\/index.php?rest_route=%2Fwp%2Fv2%2Fmedia&parent=1319"}],"curies":[{"name":"wp","href":"https:\/\/api.w.org\/{rel}","templated":true}]}}