{"id":1315,"date":"2017-08-12T18:23:11","date_gmt":"2017-08-12T18:23:11","guid":{"rendered":"http:\/\/www.andreseloysotomontenegro.com\/?page_id=1315"},"modified":"2018-04-08T18:27:15","modified_gmt":"2018-04-08T18:27:15","slug":"lipoescultura","status":"publish","type":"page","link":"https:\/\/www.andreseloysotomontenegro.com\/?page_id=1315","title":{"rendered":"LIPOESCULTURA"},"content":{"rendered":"<p><img loading=\"lazy\" decoding=\"async\" class=\"size-medium wp-image-1672 alignleft\" src=\"http:\/\/www.andreseloysotomontenegro.com\/wp-content\/uploads\/2018\/04\/lipo-298x300.png\" alt=\"\" width=\"298\" height=\"300\" \/>La Lipoescultura es un procedimiento de la cirug\u00eda est\u00e9tica que tiene por \ufb01nalidad \u00abesculpir\u00bb o moldear el cuerpo, para poder darle una forma m\u00e1s estilizada y atractiva con un abdomen m\u00e1s firme.<\/p>\n<p>Es muy importante recalcar que La Lipoescultura no es m\u00e9todo para bajar de peso, sino m\u00e1s bien modelarlo y eliminar aquellas zonas rebeldes que muchas veces ni con el ejercicio diario ni con las dietas el posible erradicar de nuestro cuerpo como lo son el \u00e1rea de la cintura, entrepierna, revolveras, etc.<\/p>\n<p><strong>Candidatos<\/strong><\/p>\n<p>Generalmente los candidatos a este tipo de procedimiento son aquellas personas que poseen grasa en las zonas m\u00e1s comprometidas o rebeldes para la eliminaci\u00f3n de la misma, tales como:<\/p>\n<p>El abdomen, cintura, \ufb02ancos (com\u00fanmente llamados &#8216;\ufb02otadores&#8217;), cara externa de muslos, cara interna de muslos, cadera \u00abo pantal\u00f3n de montar\u00bb. Tambi\u00e9n existen otras zonas: rodillas. Tobillos, brazos, espalda, mejillas. Personas no obesas con un \u00edndice de masa corporal en l\u00edmites normales.<\/p>\n<p><strong>La Cirug\u00eda<\/strong><\/p>\n<p>El cirujano pl\u00e1stico trabaja primero colocando una soluci\u00f3n de Klein, para \u00abablandar\u00bb el tejido adiposo a grasa. Luego, mediante c\u00e1nulas de solamente mil\u00edmetros de di\u00e1metro conectadas a un aspirador especial, se va removiendo la grasa, con movimientos ascendentes y descendentes en las diferentes zonas a tratar, obteni\u00e9ndose la grasa de dichas zonas.<\/p>\n<p>La cantidad de grasa que se puede extraer a trav\u00e9s de la Lipoescultura de un cuerpo humano tiene un l\u00edmite cl\u00ednico que en ning\u00fan caso debe excederse. Este l\u00edmite depende de cada paciente en particular, por lo que es necesario tener una consulta profesional para conocer cada caso en espec\u00edfico para no sufrir una posible descompensaci\u00f3n durante la intervenci\u00f3n. Finalizada la Lipoescultura, se colocan unas fajas especiales en las zonas lipoaspiradas, que cumplen la funci\u00f3n de comprimir las zonas y evitar as\u00ed edemas y la separaci\u00f3n del tejido. Generalmente las mismas se utilizan en forma ininterrumpida durante aproximadamente un mes. Luego es recomendable una dieta balanceada y rutina de ejercicios para obtener mejor resultados y duraderos en el tiempo, la cual es la clave del \u00e9xito en estas cirug\u00edas.<\/p>\n","protected":false},"excerpt":{"rendered":"<p>La Lipoescultura es un procedimiento de la cirug\u00eda est\u00e9tica que tiene por \ufb01nalidad \u00abesculpir\u00bb o moldear el cuerpo, para poder darle una forma m\u00e1s estilizada y atractiva con un abdomen m\u00e1s firme. Es muy importante recalcar que La Lipoescultura no es m\u00e9todo para bajar de peso, sino m\u00e1s bien modelarlo y eliminar aquellas zonas rebeldes [&hellip;]<\/p>\n","protected":false},"author":1,"featured_media":0,"parent":0,"menu_order":0,"comment_status":"closed","ping_status":"closed","template":"","meta":{"footnotes":""},"class_list":["post-1315","page","type-page","status-publish","hentry"],"_links":{"self":[{"href":"https:\/\/www.andreseloysotomontenegro.com\/index.php?rest_route=\/wp\/v2\/pages\/1315","targetHints":{"allow":["GET"]}}],"collection":[{"href":"https:\/\/www.andreseloysotomontenegro.com\/index.php?rest_route=\/wp\/v2\/pages"}],"about":[{"href":"https:\/\/www.andreseloysotomontenegro.com\/index.php?rest_route=\/wp\/v2\/types\/page"}],"author":[{"embeddable":true,"href":"https:\/\/www.andreseloysotomontenegro.com\/index.php?rest_route=\/wp\/v2\/users\/1"}],"replies":[{"embeddable":true,"href":"https:\/\/www.andreseloysotomontenegro.com\/index.php?rest_route=%2Fwp%2Fv2%2Fcomments&post=1315"}],"version-history":[{"count":3,"href":"https:\/\/www.andreseloysotomontenegro.com\/index.php?rest_route=\/wp\/v2\/pages\/1315\/revisions"}],"predecessor-version":[{"id":1674,"href":"https:\/\/www.andreseloysotomontenegro.com\/index.php?rest_route=\/wp\/v2\/pages\/1315\/revisions\/1674"}],"wp:attachment":[{"href":"https:\/\/www.andreseloysotomontenegro.com\/index.php?rest_route=%2Fwp%2Fv2%2Fmedia&parent=1315"}],"curies":[{"name":"wp","href":"https:\/\/api.w.org\/{rel}","templated":true}]}}