{"id":1313,"date":"2017-08-12T18:22:19","date_gmt":"2017-08-12T18:22:19","guid":{"rendered":"http:\/\/www.andreseloysotomontenegro.com\/?page_id=1313"},"modified":"2018-04-30T22:12:13","modified_gmt":"2018-04-30T22:12:13","slug":"fat-tranfer-o-transferencia-de-grasa-antologa","status":"publish","type":"page","link":"https:\/\/www.andreseloysotomontenegro.com\/?page_id=1313","title":{"rendered":"FAT TRANFER O TRANSFERENCIA DE GRASA ANTOLOGA"},"content":{"rendered":"<p><img loading=\"lazy\" decoding=\"async\" class=\"wp-image-1612  alignleft\" src=\"http:\/\/www.andreseloysotomontenegro.com\/wp-content\/uploads\/2018\/04\/fat-1-300x152.png\" alt=\"\" width=\"538\" height=\"273\" srcset=\"https:\/\/www.andreseloysotomontenegro.com\/wp-content\/uploads\/2018\/04\/fat-1-300x152.png 300w, https:\/\/www.andreseloysotomontenegro.com\/wp-content\/uploads\/2018\/04\/fat-1.png 376w\" sizes=\"auto, (max-width: 538px) 100vw, 538px\" \/>Fat Tranfer (en lngles) o transferencia de grasa ant\u00f3loga en espa\u00f1ol, es un procedimiento mediante el cual se extrae grasa de una zona del cuerpo, como el abdomen, muslos y Ios gl\u00fateos aspir\u00e1ndola por medio de c\u00e1nulas, e inyectarla en otro sitio, por ejemplo para aumentar el tama\u00f1o de Ios senos o gl\u00fateos, este procedimiento tambi\u00e9n es conocido como lipografting o Lipo lnjertos.<\/p>\n<p>Consiste en remover el exceso de grasa y reimplantarla del propio paciente en el \u00e1rea (s) donde se desea mejorar. Cuando se utiliza como relleno facial, la transferencia de grasa puede mejorar Ias zonas arrugadas y hundidas de la cara y agregar volumen en labios y mejillas. Es una soluci\u00f3n para dos problemas: quitar grasa de donde no se quiere y colocarla donde s\u00ed se quiere.<\/p>\n<p>La grasa comenz\u00f3 a utilizarse como sustancia de \u00abrelleno\u00bb corporal desde principios de Ios 80\u00b4s y los especialistas descubrieron entonces que debido a su car\u00e1cter autologo y a su abundancia en el cuerpo el paciente no corr\u00eda el riesgo de rechazo o alergias.<\/p>\n<p>&nbsp;<\/p>\n","protected":false},"excerpt":{"rendered":"<p>Fat Tranfer (en lngles) o transferencia de grasa ant\u00f3loga en espa\u00f1ol, es un procedimiento mediante el cual se extrae grasa de una zona del cuerpo, como el abdomen, muslos y Ios gl\u00fateos aspir\u00e1ndola por medio de c\u00e1nulas, e inyectarla en otro sitio, por ejemplo para aumentar el tama\u00f1o de Ios senos o gl\u00fateos, este procedimiento [&hellip;]<\/p>\n","protected":false},"author":1,"featured_media":0,"parent":0,"menu_order":0,"comment_status":"closed","ping_status":"closed","template":"","meta":{"footnotes":""},"class_list":["post-1313","page","type-page","status-publish","hentry"],"_links":{"self":[{"href":"https:\/\/www.andreseloysotomontenegro.com\/index.php?rest_route=\/wp\/v2\/pages\/1313","targetHints":{"allow":["GET"]}}],"collection":[{"href":"https:\/\/www.andreseloysotomontenegro.com\/index.php?rest_route=\/wp\/v2\/pages"}],"about":[{"href":"https:\/\/www.andreseloysotomontenegro.com\/index.php?rest_route=\/wp\/v2\/types\/page"}],"author":[{"embeddable":true,"href":"https:\/\/www.andreseloysotomontenegro.com\/index.php?rest_route=\/wp\/v2\/users\/1"}],"replies":[{"embeddable":true,"href":"https:\/\/www.andreseloysotomontenegro.com\/index.php?rest_route=%2Fwp%2Fv2%2Fcomments&post=1313"}],"version-history":[{"count":4,"href":"https:\/\/www.andreseloysotomontenegro.com\/index.php?rest_route=\/wp\/v2\/pages\/1313\/revisions"}],"predecessor-version":[{"id":1865,"href":"https:\/\/www.andreseloysotomontenegro.com\/index.php?rest_route=\/wp\/v2\/pages\/1313\/revisions\/1865"}],"wp:attachment":[{"href":"https:\/\/www.andreseloysotomontenegro.com\/index.php?rest_route=%2Fwp%2Fv2%2Fmedia&parent=1313"}],"curies":[{"name":"wp","href":"https:\/\/api.w.org\/{rel}","templated":true}]}}