{"id":1305,"date":"2017-08-12T18:19:21","date_gmt":"2017-08-12T18:19:21","guid":{"rendered":"http:\/\/www.andreseloysotomontenegro.com\/?page_id=1305"},"modified":"2018-04-06T22:26:57","modified_gmt":"2018-04-06T22:26:57","slug":"cicatrices-inesteticas-y-queloide","status":"publish","type":"page","link":"https:\/\/www.andreseloysotomontenegro.com\/?page_id=1305","title":{"rendered":"CICATRICES INESTETICAS Y QUELOIDE"},"content":{"rendered":"<p><img loading=\"lazy\" decoding=\"async\" class=\"size-medium wp-image-1620 alignleft\" src=\"http:\/\/www.andreseloysotomontenegro.com\/wp-content\/uploads\/2018\/04\/cicatriz-298x300.png\" alt=\"\" width=\"298\" height=\"300\" srcset=\"https:\/\/www.andreseloysotomontenegro.com\/wp-content\/uploads\/2018\/04\/cicatriz-298x300.png 298w, https:\/\/www.andreseloysotomontenegro.com\/wp-content\/uploads\/2018\/04\/cicatriz-150x150.png 150w, https:\/\/www.andreseloysotomontenegro.com\/wp-content\/uploads\/2018\/04\/cicatriz.png 350w, https:\/\/www.andreseloysotomontenegro.com\/wp-content\/uploads\/2018\/04\/cicatriz-100x100.png 100w\" sizes=\"auto, (max-width: 298px) 100vw, 298px\" \/>Una cicatriz hace parte del proceso de reparaci\u00f3n cuando la piel sufre una herida. Cuanto m\u00e1s da\u00f1ada est\u00e1 la piel, m\u00e1s tiempo tomar\u00e1 su recuperaci\u00f3n.<\/p>\n<p>La formaci\u00f3n de una cicatriz tiene variables que la afectan como la edad del paciente, localizaci\u00f3n o ubicaci\u00f3n en el cuerpo y factores gen\u00e9ticos.<\/p>\n<p><strong>Hay tres tipos de cicatrices:<\/strong><\/p>\n<ul>\n<li><strong>Cicatriz Hipertr\u00f3fica:<\/strong> Este tipo de cicatrizaci\u00f3n puede ser roja, gruesa y elevada. Se presenta en individuos j\u00f3venes o en gente de piel oscura. Este tipo de cicatriz es roja, gruesa y elevada y el crecimiento de la misma se limita al borde de la cicatriz original.<\/li>\n<\/ul>\n<p>&nbsp;<\/p>\n<ul>\n<li><strong>Cicatriz Queloide:<\/strong> Este tipo de cicatriz es roja ovalada y se extiende m\u00e1s all\u00e1 de los bordes de la herida. Se presenta en individuos j\u00f3venes o en gente de piel oscura.<\/li>\n<li><\/li>\n<li><strong>Cicatriz Atr\u00f3fica:<\/strong> Este tipo de cicatriz es peque\u00f1a y redonda y se forma cuando el proceso de sanaci\u00f3n ha sido incompleto.<\/li>\n<\/ul>\n<p><strong>\u00bfC\u00f3mo mejorar una cicatriz?<\/strong><\/p>\n<p>Se puede mejorar notablemente la apariencia de una cicatriz pero no se puede desaparecer la misma.<\/p>\n<p>Para lograr un excelente resultado, es necesario realizar una valoraci\u00f3n de la cicatriz y sus or\u00edgenes para determinar el procedimiento a seguir porque cada tipo de cicatriz tiene un par\u00e1metro recomendado.<\/p>\n<p>Procedimientos como el peeling, la dermoabrasi\u00f3n, la crioterapia y el l\u00e1ser, entre otras t\u00e9cnicas ofrecen al paciente mejores resultados de acuerdo con sus expectativas.<\/p>\n","protected":false},"excerpt":{"rendered":"<p>Una cicatriz hace parte del proceso de reparaci\u00f3n cuando la piel sufre una herida. Cuanto m\u00e1s da\u00f1ada est\u00e1 la piel, m\u00e1s tiempo tomar\u00e1 su recuperaci\u00f3n. La formaci\u00f3n de una cicatriz tiene variables que la afectan como la edad del paciente, localizaci\u00f3n o ubicaci\u00f3n en el cuerpo y factores gen\u00e9ticos. Hay tres tipos de cicatrices: Cicatriz [&hellip;]<\/p>\n","protected":false},"author":1,"featured_media":0,"parent":0,"menu_order":0,"comment_status":"closed","ping_status":"closed","template":"","meta":{"footnotes":""},"class_list":["post-1305","page","type-page","status-publish","hentry"],"_links":{"self":[{"href":"https:\/\/www.andreseloysotomontenegro.com\/index.php?rest_route=\/wp\/v2\/pages\/1305","targetHints":{"allow":["GET"]}}],"collection":[{"href":"https:\/\/www.andreseloysotomontenegro.com\/index.php?rest_route=\/wp\/v2\/pages"}],"about":[{"href":"https:\/\/www.andreseloysotomontenegro.com\/index.php?rest_route=\/wp\/v2\/types\/page"}],"author":[{"embeddable":true,"href":"https:\/\/www.andreseloysotomontenegro.com\/index.php?rest_route=\/wp\/v2\/users\/1"}],"replies":[{"embeddable":true,"href":"https:\/\/www.andreseloysotomontenegro.com\/index.php?rest_route=%2Fwp%2Fv2%2Fcomments&post=1305"}],"version-history":[{"count":2,"href":"https:\/\/www.andreseloysotomontenegro.com\/index.php?rest_route=\/wp\/v2\/pages\/1305\/revisions"}],"predecessor-version":[{"id":1621,"href":"https:\/\/www.andreseloysotomontenegro.com\/index.php?rest_route=\/wp\/v2\/pages\/1305\/revisions\/1621"}],"wp:attachment":[{"href":"https:\/\/www.andreseloysotomontenegro.com\/index.php?rest_route=%2Fwp%2Fv2%2Fmedia&parent=1305"}],"curies":[{"name":"wp","href":"https:\/\/api.w.org\/{rel}","templated":true}]}}