{"id":1303,"date":"2017-08-12T18:16:16","date_gmt":"2017-08-12T18:16:16","guid":{"rendered":"http:\/\/www.andreseloysotomontenegro.com\/?page_id=1303"},"modified":"2018-04-06T22:51:46","modified_gmt":"2018-04-06T22:51:46","slug":"cervicoplastia","status":"publish","type":"page","link":"https:\/\/www.andreseloysotomontenegro.com\/?page_id=1303","title":{"rendered":"CERVICOPLASTIA"},"content":{"rendered":"<p><img loading=\"lazy\" decoding=\"async\" class=\"size-medium wp-image-1630 alignleft\" src=\"http:\/\/www.andreseloysotomontenegro.com\/wp-content\/uploads\/2018\/04\/cervi-298x300.png\" alt=\"\" width=\"298\" height=\"300\" srcset=\"https:\/\/www.andreseloysotomontenegro.com\/wp-content\/uploads\/2018\/04\/cervi-298x300.png 298w, https:\/\/www.andreseloysotomontenegro.com\/wp-content\/uploads\/2018\/04\/cervi-150x150.png 150w, https:\/\/www.andreseloysotomontenegro.com\/wp-content\/uploads\/2018\/04\/cervi.png 350w, https:\/\/www.andreseloysotomontenegro.com\/wp-content\/uploads\/2018\/04\/cervi-100x100.png 100w\" sizes=\"auto, (max-width: 298px) 100vw, 298px\" \/>La Cervicoplastia es la t\u00e9cnica o suma de procedimientos utilizados en la cirug\u00eda pl\u00e1stica facial que permiten mejorar el aspecto del \u00e1ngulo formado por la mand\u00edbula y el cuello, denominado \u00e1ngulo c\u00e9rvico mandibular.<\/p>\n<p>Esta zona puede verse desmejorada con el paso del tiempo y adem\u00e1s ser dep\u00f3sito de grasas que favorecen la formaci\u00f3n de la papada.<\/p>\n<p>La Cervicoplastia tambi\u00e9n conocida como lifting c\u00e9rvico facial est\u00e1 enfocada a levantar y corregir la piel laxa que se ha acumulado bajo la mand\u00edbula y que afecta tambi\u00e9n la dermis del cuello.<\/p>\n<p>Al levantar esta piel se rede\ufb01ne el contorno mandibular, el cuello recupera su aspecto juvenil y se evita el descenso de otros tejidos.<\/p>\n<p>AI tratar las bandas que se forman por separaci\u00f3n de los m\u00fasculos del cuello, es posible que sea necesario practicar una peque\u00f1a liposucci\u00f3n cuando esta zona presenta una adiposidad significativa, t\u00e9cnica que se aplica de manera cuidadosa con el fin de no lesionar los delicados tejidos del cuello. Algunos pacientes j\u00f3venes tambi\u00e9n sufren de acumulaci\u00f3n de grasa en el cuello y, a\u00fan estando delgados, lucen abotagados y gruesos.<\/p>\n<p>Esta circunstancia agrega a\u00f1os a la apariencia y deteriora poderosamente la elegante l\u00ednea del cuello que se asocia con juventud.<\/p>\n<p>En la conexi\u00f3n de la acumulaci\u00f3n grasa bajo el ment\u00f3n, se realiza una peque\u00f1a incisi\u00f3n debajo y detr\u00e1s del ment\u00f3n (surco submentoniano), a trav\u00e9s de la cual se aspira el exceso graso y se traccionan los m\u00fasculos del cuello.<\/p>\n<p>Gracias a las \u00faltimas pr\u00e1cticas por medios endosc\u00f3picos se minimizan las incisiones que antes pod\u00edan hacer esta cirug\u00eda evidente.<\/p>\n<p>&nbsp;<\/p>\n","protected":false},"excerpt":{"rendered":"<p>La Cervicoplastia es la t\u00e9cnica o suma de procedimientos utilizados en la cirug\u00eda pl\u00e1stica facial que permiten mejorar el aspecto del \u00e1ngulo formado por la mand\u00edbula y el cuello, denominado \u00e1ngulo c\u00e9rvico mandibular. Esta zona puede verse desmejorada con el paso del tiempo y adem\u00e1s ser dep\u00f3sito de grasas que favorecen la formaci\u00f3n de la [&hellip;]<\/p>\n","protected":false},"author":1,"featured_media":0,"parent":0,"menu_order":0,"comment_status":"closed","ping_status":"closed","template":"","meta":{"footnotes":""},"class_list":["post-1303","page","type-page","status-publish","hentry"],"_links":{"self":[{"href":"https:\/\/www.andreseloysotomontenegro.com\/index.php?rest_route=\/wp\/v2\/pages\/1303","targetHints":{"allow":["GET"]}}],"collection":[{"href":"https:\/\/www.andreseloysotomontenegro.com\/index.php?rest_route=\/wp\/v2\/pages"}],"about":[{"href":"https:\/\/www.andreseloysotomontenegro.com\/index.php?rest_route=\/wp\/v2\/types\/page"}],"author":[{"embeddable":true,"href":"https:\/\/www.andreseloysotomontenegro.com\/index.php?rest_route=\/wp\/v2\/users\/1"}],"replies":[{"embeddable":true,"href":"https:\/\/www.andreseloysotomontenegro.com\/index.php?rest_route=%2Fwp%2Fv2%2Fcomments&post=1303"}],"version-history":[{"count":2,"href":"https:\/\/www.andreseloysotomontenegro.com\/index.php?rest_route=\/wp\/v2\/pages\/1303\/revisions"}],"predecessor-version":[{"id":1631,"href":"https:\/\/www.andreseloysotomontenegro.com\/index.php?rest_route=\/wp\/v2\/pages\/1303\/revisions\/1631"}],"wp:attachment":[{"href":"https:\/\/www.andreseloysotomontenegro.com\/index.php?rest_route=%2Fwp%2Fv2%2Fmedia&parent=1303"}],"curies":[{"name":"wp","href":"https:\/\/api.w.org\/{rel}","templated":true}]}}