{"id":1301,"date":"2017-08-12T17:55:17","date_gmt":"2017-08-12T17:55:17","guid":{"rendered":"http:\/\/www.andreseloysotomontenegro.com\/?page_id=1301"},"modified":"2018-04-06T22:55:03","modified_gmt":"2018-04-06T22:55:03","slug":"braquioplastia","status":"publish","type":"page","link":"https:\/\/www.andreseloysotomontenegro.com\/?page_id=1301","title":{"rendered":"BRAQUIOPLASTIA"},"content":{"rendered":"<p><img loading=\"lazy\" decoding=\"async\" class=\"size-medium wp-image-1632 alignleft\" src=\"http:\/\/www.andreseloysotomontenegro.com\/wp-content\/uploads\/2018\/04\/braq2ui-298x300.png\" alt=\"\" width=\"298\" height=\"300\" srcset=\"https:\/\/www.andreseloysotomontenegro.com\/wp-content\/uploads\/2018\/04\/braq2ui-298x300.png 298w, https:\/\/www.andreseloysotomontenegro.com\/wp-content\/uploads\/2018\/04\/braq2ui-150x150.png 150w, https:\/\/www.andreseloysotomontenegro.com\/wp-content\/uploads\/2018\/04\/braq2ui.png 350w, https:\/\/www.andreseloysotomontenegro.com\/wp-content\/uploads\/2018\/04\/braq2ui-100x100.png 100w\" sizes=\"auto, (max-width: 298px) 100vw, 298px\" \/>La Braquioplastia es la t\u00e9cnica quir\u00fargica encaminada a mejorar el aspecto de las extremidades superiores mediante resecci\u00f3n del exceso dermograso de cara interna de ambos brazos. Lo que pretendemos con esta cirug\u00eda es conseguir unos brazos estilizados y arm\u00f3nicos con el cuerpo.<\/p>\n<p>Si ha sufrido grandes p\u00e9rdidas de peso como consecuencia de dieta o tras cirug\u00eda de By-pass g\u00e1strico y su estado de salud es bueno, es un buen candidato para esta cirug\u00eda y por tanto podr\u00eda considerarlo.<\/p>\n<p>El \u00e9xito de Ia cirug\u00eda de contorno corporal no s\u00f3lo reside en reducir el exceso de piel sobrante, sino en proporcionar tono,\u00a0 tensado y equilibrio a los relieves corporales. Debe entender y aceptar Ia formaci\u00f3n de cicatrices largas residuales que quedan ocultas.<\/p>\n<p>&nbsp;<\/p>\n<p><strong>CANDIDATAS (OS) PARA LA CIRUG\u00cdA.<\/strong><\/p>\n<p>El candidato ideal para someterse a una \u00abBraquioplastia\u00bb es aquel hombre o mujer con exceso de piel en la cara interna de brazos, preferentemente sano y con peso estable.<\/p>\n<p>Si est\u00e1 considerando Ia posibilidad de someterse una \u00abBraquioplastia\u00bb obtendr\u00e1 informaci\u00f3n b\u00e1sica acerca de la cirug\u00eda, cu\u00e1ndo est\u00e1 indicada, c\u00f3mo se realiza y qu\u00e9 resultados se pueden esperar. Sin embargo, es imposible que todas sus preguntas queden contestadas, puesto que en gran parte dependen de factores personales y de las preferencias del cirujano pl\u00e1stico.<\/p>\n<p>Durante Ia consulta inicial su cirujano evaluar\u00e1 su estado de salud, Ia calidad de Ia grasa y el tono de Ia piel. No olvide mencionar si es fumador o si est\u00e1 tomando alguna medicaci\u00f3n. Debe exponer sus expectativas de manera sincera y franca para que su cirujano sea tambi\u00e9n franco y le muestre las alternativas disponibles a su problema. Determinaremos cu\u00e1l es el procedimiento \u00f3ptimo que le proporcione Ia silueta corporal m\u00e1s adecuada. Si fuma debe eliminar este h\u00e1bito por lo menos dos semanas antes.<\/p>\n<p>Las cicatrices ir\u00e1n mejorando con el transcurso del tiempo, no obstante, en algunos casos es preciso realizar una revisi\u00f3n cicatricial con anestesia local. M\u00e1s que en ninguna otra intervenci\u00f3n de Cirug\u00eda Est\u00e9tica vale la frase: \u00abel cirujano hace la sutura y el paciente la cicatriz\u00bb.<\/p>\n<p>Basta con 7 d\u00edas para volver al trabajo con normalidad. No obstante, los ejercicios fuertes deben evitarse hasta que uno se sienta c\u00f3modo.<\/p>\n<p>Las cicatrices durante los primeros 3 a 6 meses son notorias, de color rojo-vinoso, por tanto tendr\u00e1 que esperar entre 9 meses y 1 a\u00f1o para que Ia cicatriz se aplane y aclare. No obstante las cicatrices no desaparecer\u00e1n nunca.<\/p>\n","protected":false},"excerpt":{"rendered":"<p>La Braquioplastia es la t\u00e9cnica quir\u00fargica encaminada a mejorar el aspecto de las extremidades superiores mediante resecci\u00f3n del exceso dermograso de cara interna de ambos brazos. Lo que pretendemos con esta cirug\u00eda es conseguir unos brazos estilizados y arm\u00f3nicos con el cuerpo. Si ha sufrido grandes p\u00e9rdidas de peso como consecuencia de dieta o tras [&hellip;]<\/p>\n","protected":false},"author":1,"featured_media":0,"parent":0,"menu_order":0,"comment_status":"closed","ping_status":"closed","template":"","meta":{"footnotes":""},"class_list":["post-1301","page","type-page","status-publish","hentry"],"_links":{"self":[{"href":"https:\/\/www.andreseloysotomontenegro.com\/index.php?rest_route=\/wp\/v2\/pages\/1301","targetHints":{"allow":["GET"]}}],"collection":[{"href":"https:\/\/www.andreseloysotomontenegro.com\/index.php?rest_route=\/wp\/v2\/pages"}],"about":[{"href":"https:\/\/www.andreseloysotomontenegro.com\/index.php?rest_route=\/wp\/v2\/types\/page"}],"author":[{"embeddable":true,"href":"https:\/\/www.andreseloysotomontenegro.com\/index.php?rest_route=\/wp\/v2\/users\/1"}],"replies":[{"embeddable":true,"href":"https:\/\/www.andreseloysotomontenegro.com\/index.php?rest_route=%2Fwp%2Fv2%2Fcomments&post=1301"}],"version-history":[{"count":2,"href":"https:\/\/www.andreseloysotomontenegro.com\/index.php?rest_route=\/wp\/v2\/pages\/1301\/revisions"}],"predecessor-version":[{"id":1633,"href":"https:\/\/www.andreseloysotomontenegro.com\/index.php?rest_route=\/wp\/v2\/pages\/1301\/revisions\/1633"}],"wp:attachment":[{"href":"https:\/\/www.andreseloysotomontenegro.com\/index.php?rest_route=%2Fwp%2Fv2%2Fmedia&parent=1301"}],"curies":[{"name":"wp","href":"https:\/\/api.w.org\/{rel}","templated":true}]}}