{"id":1297,"date":"2017-08-12T17:51:48","date_gmt":"2017-08-12T17:51:48","guid":{"rendered":"http:\/\/www.andreseloysotomontenegro.com\/?page_id=1297"},"modified":"2018-04-06T21:46:32","modified_gmt":"2018-04-06T21:46:32","slug":"blefaroplastia","status":"publish","type":"page","link":"https:\/\/www.andreseloysotomontenegro.com\/?page_id=1297","title":{"rendered":"BLEFAROPLASTIA"},"content":{"rendered":"<p><img loading=\"lazy\" decoding=\"async\" class=\"size-medium wp-image-1608 alignleft\" src=\"http:\/\/www.andreseloysotomontenegro.com\/wp-content\/uploads\/2018\/04\/blefaro-298x300.png\" alt=\"\" width=\"298\" height=\"300\" srcset=\"https:\/\/www.andreseloysotomontenegro.com\/wp-content\/uploads\/2018\/04\/blefaro-298x300.png 298w, https:\/\/www.andreseloysotomontenegro.com\/wp-content\/uploads\/2018\/04\/blefaro-150x150.png 150w, https:\/\/www.andreseloysotomontenegro.com\/wp-content\/uploads\/2018\/04\/blefaro.png 350w, https:\/\/www.andreseloysotomontenegro.com\/wp-content\/uploads\/2018\/04\/blefaro-100x100.png 100w\" sizes=\"auto, (max-width: 298px) 100vw, 298px\" \/>La blefar\u00f3plastia o cirug\u00eda est\u00e9tica de p\u00e1rpados es una operaci\u00f3n que se realiza en<br \/>\nquir\u00f3fano pero no requiere hospitalizaci\u00f3n posterior. La operaci\u00f3n en s\u00ed dura<br \/>\naproximadamente de una a 3 horas. y lo usual. en el caso de los p\u00e1rpados supriores. es<br \/>\ntrabajar la incisi\u00f3n en el pliegue del p\u00e1rpado. para que no quede huella o \u00e9sta sea casi<br \/>\nimperceptible. Puede realizarse de manera aislada o junto con alguna otra intervenci\u00f3n a<br \/>\nla cara. como lifting facial. por ejemplo.<\/p>\n<p>Tras la operaci\u00f3n de blefar\u00f3plastia se generar\u00e1n algunos hematomas per\u00f3 ir\u00e1n<br \/>\ndesapareciendo con el transcurso de los d\u00edas. Muy probablemente se presentar\u00e1n alguna<br \/>\nincomodidad en la zona operada. que puede sentirse como \u201cpesada\u201d. pero con alguna<br \/>\nmedicaci\u00f3n se supera r\u00e1pidamente. Luego de realizada la cirug\u00eda est\u00e9tica de p\u00e1rpados<br \/>\npuede haber alg\u00fan lagrimeo o hipersensibilidad a la luz o visi\u00f3n bon&#8217;osa. as\u00ed como<br \/>\ndificultad para cenar los ojos. molestias que ir\u00e1n desapareciendo por s\u00ed solas. Se deber\u00e1<br \/>\nobservar descanso por dos o tres d\u00edas para contribuir a una perfecta recuperaci\u00f3n. luego<br \/>\nde eso se puede realizar las actividades normales. teniendo cuidado de no realizar<br \/>\nejercicio f\u00edsico intenso o deportes o exponerse al sol. El retorno laboral. dependiendo<br \/>\ndel trabajo que se realiza. podr\u00eda darse luego de siete o diez d\u00edas. teniendo la<br \/>\nprecauci\u00f3n de usar lentes de sol. Salvo que el m\u00e9dico indique lo contrario. una semana<br \/>\ndespu\u00e9s de la operaci\u00f3n puedes volver a maquillarte.<\/p>\n","protected":false},"excerpt":{"rendered":"<p>La blefar\u00f3plastia o cirug\u00eda est\u00e9tica de p\u00e1rpados es una operaci\u00f3n que se realiza en quir\u00f3fano pero no requiere hospitalizaci\u00f3n posterior. La operaci\u00f3n en s\u00ed dura aproximadamente de una a 3 horas. y lo usual. en el caso de los p\u00e1rpados supriores. es trabajar la incisi\u00f3n en el pliegue del p\u00e1rpado. para que no quede huella [&hellip;]<\/p>\n","protected":false},"author":1,"featured_media":0,"parent":0,"menu_order":0,"comment_status":"closed","ping_status":"closed","template":"","meta":{"footnotes":""},"class_list":["post-1297","page","type-page","status-publish","hentry"],"_links":{"self":[{"href":"https:\/\/www.andreseloysotomontenegro.com\/index.php?rest_route=\/wp\/v2\/pages\/1297","targetHints":{"allow":["GET"]}}],"collection":[{"href":"https:\/\/www.andreseloysotomontenegro.com\/index.php?rest_route=\/wp\/v2\/pages"}],"about":[{"href":"https:\/\/www.andreseloysotomontenegro.com\/index.php?rest_route=\/wp\/v2\/types\/page"}],"author":[{"embeddable":true,"href":"https:\/\/www.andreseloysotomontenegro.com\/index.php?rest_route=\/wp\/v2\/users\/1"}],"replies":[{"embeddable":true,"href":"https:\/\/www.andreseloysotomontenegro.com\/index.php?rest_route=%2Fwp%2Fv2%2Fcomments&post=1297"}],"version-history":[{"count":2,"href":"https:\/\/www.andreseloysotomontenegro.com\/index.php?rest_route=\/wp\/v2\/pages\/1297\/revisions"}],"predecessor-version":[{"id":1609,"href":"https:\/\/www.andreseloysotomontenegro.com\/index.php?rest_route=\/wp\/v2\/pages\/1297\/revisions\/1609"}],"wp:attachment":[{"href":"https:\/\/www.andreseloysotomontenegro.com\/index.php?rest_route=%2Fwp%2Fv2%2Fmedia&parent=1297"}],"curies":[{"name":"wp","href":"https:\/\/api.w.org\/{rel}","templated":true}]}}